{"id":665,"date":"2023-08-08T13:13:31","date_gmt":"2023-08-08T11:13:31","guid":{"rendered":"https:\/\/auxmaraichers.com\/?page_id=665"},"modified":"2023-08-08T13:19:35","modified_gmt":"2023-08-08T11:19:35","slug":"contact-direct","status":"publish","type":"page","link":"https:\/\/auxmaraichers.com\/accueil\/contact-direct\/","title":{"rendered":"Nous contacter"},"content":{"rendered":"\t\t<div data-elementor-type=\"wp-page\" data-elementor-id=\"665\" class=\"elementor elementor-665\">\n\t\t\t\t\t\t<section class=\"elementor-section elementor-top-section elementor-element elementor-element-c833790 elementor-section-boxed elementor-section-height-default elementor-section-height-default\" data-id=\"c833790\" data-element_type=\"section\">\n\t\t\t\t\t\t<div class=\"elementor-container elementor-column-gap-default\">\n\t\t\t\t\t<div class=\"elementor-column elementor-col-50 elementor-top-column elementor-element elementor-element-67ff86b\" data-id=\"67ff86b\" data-element_type=\"column\">\n\t\t\t<div class=\"elementor-widget-wrap elementor-element-populated\">\n\t\t\t\t\t\t<div class=\"elementor-element elementor-element-cca7bd0 elementor-widget elementor-widget-image\" data-id=\"cca7bd0\" data-element_type=\"widget\" data-widget_type=\"image.default\">\n\t\t\t\t<div class=\"elementor-widget-container\">\n\t\t\t<style>\/*! elementor - v3.20.0 - 20-03-2024 *\/\n.elementor-widget-image{text-align:center}.elementor-widget-image a{display:inline-block}.elementor-widget-image a img[src$=\".svg\"]{width:48px}.elementor-widget-image img{vertical-align:middle;display:inline-block}<\/style>\t\t\t\t\t\t\t\t\t\t<img fetchpriority=\"high\" decoding=\"async\" width=\"683\" height=\"1024\" src=\"https:\/\/auxmaraichers.com\/wp-content\/uploads\/2023\/07\/2023-07_Aux-Maraichers-Shooting_IMG_5368_Meline-Osvaldo-683x1024.jpg\" class=\"attachment-large size-large wp-image-216\" alt=\"\" srcset=\"https:\/\/auxmaraichers.com\/wp-content\/uploads\/2023\/07\/2023-07_Aux-Maraichers-Shooting_IMG_5368_Meline-Osvaldo-683x1024.jpg 683w, https:\/\/auxmaraichers.com\/wp-content\/uploads\/2023\/07\/2023-07_Aux-Maraichers-Shooting_IMG_5368_Meline-Osvaldo-200x300.jpg 200w, https:\/\/auxmaraichers.com\/wp-content\/uploads\/2023\/07\/2023-07_Aux-Maraichers-Shooting_IMG_5368_Meline-Osvaldo-768x1152.jpg 768w, https:\/\/auxmaraichers.com\/wp-content\/uploads\/2023\/07\/2023-07_Aux-Maraichers-Shooting_IMG_5368_Meline-Osvaldo-1024x1536.jpg 1024w, https:\/\/auxmaraichers.com\/wp-content\/uploads\/2023\/07\/2023-07_Aux-Maraichers-Shooting_IMG_5368_Meline-Osvaldo-1365x2048.jpg 1365w, https:\/\/auxmaraichers.com\/wp-content\/uploads\/2023\/07\/2023-07_Aux-Maraichers-Shooting_IMG_5368_Meline-Osvaldo-scaled.jpg 1707w\" sizes=\"(max-width: 683px) 100vw, 683px\" \/>\t\t\t\t\t\t\t\t\t\t\t\t\t<\/div>\n\t\t\t\t<\/div>\n\t\t\t\t\t<\/div>\n\t\t<\/div>\n\t\t\t\t<div class=\"elementor-column elementor-col-50 elementor-top-column elementor-element elementor-element-b527ace\" data-id=\"b527ace\" data-element_type=\"column\">\n\t\t\t<div class=\"elementor-widget-wrap elementor-element-populated\">\n\t\t\t\t\t\t<div class=\"elementor-element elementor-element-80c1732 elementor-widget__width-initial elementor-widget elementor-widget-heading\" data-id=\"80c1732\" data-element_type=\"widget\" data-widget_type=\"heading.default\">\n\t\t\t\t<div class=\"elementor-widget-container\">\n\t\t\t<style>\/*! elementor - v3.20.0 - 20-03-2024 *\/\n.elementor-heading-title{padding:0;margin:0;line-height:1}.elementor-widget-heading .elementor-heading-title[class*=elementor-size-]>a{color:inherit;font-size:inherit;line-height:inherit}.elementor-widget-heading .elementor-heading-title.elementor-size-small{font-size:15px}.elementor-widget-heading .elementor-heading-title.elementor-size-medium{font-size:19px}.elementor-widget-heading .elementor-heading-title.elementor-size-large{font-size:29px}.elementor-widget-heading .elementor-heading-title.elementor-size-xl{font-size:39px}.elementor-widget-heading .elementor-heading-title.elementor-size-xxl{font-size:59px}<\/style><h2 class=\"elementor-heading-title elementor-size-default\">Vous avez une question ou souhaitez faire une commande ?<\/h2>\t\t<\/div>\n\t\t\t\t<\/div>\n\t\t\t\t<div class=\"elementor-element elementor-element-60daaae elementor-widget elementor-widget-qi_addons_for_elementor_wp_forms\" data-id=\"60daaae\" data-element_type=\"widget\" data-widget_type=\"qi_addons_for_elementor_wp_forms.default\">\n\t\t\t\t<div class=\"elementor-widget-container\">\n\t\t\t<div class=\"qodef-shortcode qodef-m  qodef-qi-wp-forms qodef-button--full-width\">\n\t<div class=\"wpforms-container wpforms-container-full wpforms-render-modern\" id=\"wpforms-544\"><form id=\"wpforms-form-544\" class=\"wpforms-validate wpforms-form wpforms-ajax-form\" data-formid=\"544\" method=\"post\" enctype=\"multipart\/form-data\" action=\"\/accueil\/wp-json\/wp\/v2\/pages\/665\" data-token=\"4571446d2eaaeba0a499f10181bd9ac7\"><noscript class=\"wpforms-error-noscript\">Veuillez activer JavaScript dans votre navigateur pour remplir ce formulaire.<\/noscript><div class=\"wpforms-hidden\" id=\"wpforms-error-noscript\">Veuillez activer JavaScript dans votre navigateur pour remplir ce formulaire.<\/div><div class=\"wpforms-field-container\"><div id=\"wpforms-544-field_0-container\" class=\"wpforms-field wpforms-field-name wpforms-one-half wpforms-first\" data-field-id=\"0\"><label class=\"wpforms-field-label\" for=\"wpforms-544-field_0\">Votre nom <span class=\"wpforms-required-label\" aria-hidden=\"true\">*<\/span><\/label><input type=\"text\" id=\"wpforms-544-field_0\" class=\"wpforms-field-large wpforms-field-required\" name=\"wpforms[fields][0]\" placeholder=\"Pr\u00e9nom Nom\" aria-errormessage=\"wpforms-544-field_0-error\" required><\/div><div id=\"wpforms-544-field_1-container\" class=\"wpforms-field wpforms-field-email wpforms-one-half\" data-field-id=\"1\"><label class=\"wpforms-field-label\" for=\"wpforms-544-field_1\">Votre adresse e-mail <span class=\"wpforms-required-label\" aria-hidden=\"true\">*<\/span><\/label><input type=\"email\" id=\"wpforms-544-field_1\" class=\"wpforms-field-large wpforms-field-required\" name=\"wpforms[fields][1]\" placeholder=\"Adresse e-mail\" spellcheck=\"false\" aria-errormessage=\"wpforms-544-field_1-error\" required><\/div><div id=\"wpforms-544-field_5-container\" class=\"wpforms-field wpforms-field-number wpforms-one-half wpforms-first\" data-field-id=\"5\"><label class=\"wpforms-field-label\" for=\"wpforms-544-field_5\">(Optionnel)<\/label><input type=\"number\" pattern=\"\\d*\" id=\"wpforms-544-field_5\" class=\"wpforms-field-large\" name=\"wpforms[fields][5]\" placeholder=\"Num\u00e9ro de t\u00e9l\u00e9phone\" aria-errormessage=\"wpforms-544-field_5-error\" ><\/div><div id=\"wpforms-544-field_6-container\" class=\"wpforms-field wpforms-field-text wpforms-one-half\" data-field-id=\"6\"><label class=\"wpforms-field-label\" for=\"wpforms-544-field_6\">Sujet <span class=\"wpforms-required-label\" aria-hidden=\"true\">*<\/span><\/label><input type=\"text\" id=\"wpforms-544-field_6\" class=\"wpforms-field-large wpforms-field-required\" name=\"wpforms[fields][6]\" placeholder=\"Titre du message\" aria-errormessage=\"wpforms-544-field_6-error\" required><\/div><div id=\"wpforms-544-field_2-container\" class=\"wpforms-field wpforms-field-textarea\" data-field-id=\"2\"><label class=\"wpforms-field-label\" for=\"wpforms-544-field_2\">Votre message<\/label><textarea id=\"wpforms-544-field_2\" class=\"wpforms-field-large\" name=\"wpforms[fields][2]\" placeholder=\"D\u00eetes-en nous plus sur votre demande\" aria-errormessage=\"wpforms-544-field_2-error\" ><\/textarea><\/div><div id=\"wpforms-544-field_7-container\" class=\"wpforms-field wpforms-field-checkbox\" data-field-id=\"7\"><fieldset><legend class=\"wpforms-field-label wpforms-label-hide\" aria-hidden=\"false\">Cases \u00e0 cocher <span class=\"wpforms-required-label\" aria-hidden=\"true\">*<\/span><\/legend><ul id=\"wpforms-544-field_7\" class=\"wpforms-field-required\"><li class=\"choice-1 depth-1\"><input type=\"checkbox\" id=\"wpforms-544-field_7_1\" name=\"wpforms[fields][7][]\" value=\"J&#039;accepte les termes &amp; conditions du site\" aria-errormessage=\"wpforms-544-field_7_1-error\" required ><label class=\"wpforms-field-label-inline\" for=\"wpforms-544-field_7_1\">J'accepte les termes &amp; conditions du site<\/label><\/li><\/ul><\/fieldset><\/div><\/div><!-- .wpforms-field-container --><div class=\"wpforms-submit-container\" ><input type=\"hidden\" name=\"wpforms[id]\" value=\"544\"><input type=\"hidden\" name=\"wpforms[author]\" value=\"1\"><button type=\"submit\" name=\"wpforms[submit]\" id=\"wpforms-submit-544\" class=\"wpforms-submit\" data-alt-text=\"Envoi...\" data-submit-text=\"Envoyer le message\" aria-live=\"assertive\" value=\"wpforms-submit\">Envoyer le message<\/button><img decoding=\"async\" src=\"https:\/\/auxmaraichers.com\/wp-content\/plugins\/wpforms-lite\/assets\/images\/submit-spin.svg\" class=\"wpforms-submit-spinner\" style=\"display: none;\" width=\"26\" height=\"26\" alt=\"Chargement en cours\"><\/div><\/form><\/div>  <!-- .wpforms-container --><\/div>\n\t\t<\/div>\n\t\t\t\t<\/div>\n\t\t\t\t\t<\/div>\n\t\t<\/div>\n\t\t\t\t\t<\/div>\n\t\t<\/section>\n\t\t\t\t<\/div>\n\t\t","protected":false},"excerpt":{"rendered":"<p>Vous avez une question ou souhaitez faire une commande ? Veuillez activer JavaScript dans votre navigateur pour remplir ce formulaire.Veuillez activer JavaScript dans votre navigateur pour remplir ce formulaire.Votre nom *Votre adresse e-mail *(Optionnel)Sujet *Votre message Cases \u00e0 cocher * J&rsquo;accepte les termes &amp; conditions du site Envoyer le message<\/p>\n","protected":false},"author":1,"featured_media":0,"parent":0,"menu_order":0,"comment_status":"closed","ping_status":"closed","template":"","meta":{"_kad_post_transparent":"","_kad_post_title":"hide","_kad_post_layout":"fullwidth","_kad_post_sidebar_id":"","_kad_post_content_style":"unboxed","_kad_post_vertical_padding":"hide","_kad_post_feature":"hide","_kad_post_feature_position":"","_kad_post_header":false,"_kad_post_footer":false,"footnotes":""},"_links":{"self":[{"href":"https:\/\/auxmaraichers.com\/accueil\/wp-json\/wp\/v2\/pages\/665"}],"collection":[{"href":"https:\/\/auxmaraichers.com\/accueil\/wp-json\/wp\/v2\/pages"}],"about":[{"href":"https:\/\/auxmaraichers.com\/accueil\/wp-json\/wp\/v2\/types\/page"}],"author":[{"embeddable":true,"href":"https:\/\/auxmaraichers.com\/accueil\/wp-json\/wp\/v2\/users\/1"}],"replies":[{"embeddable":true,"href":"https:\/\/auxmaraichers.com\/accueil\/wp-json\/wp\/v2\/comments?post=665"}],"version-history":[{"count":8,"href":"https:\/\/auxmaraichers.com\/accueil\/wp-json\/wp\/v2\/pages\/665\/revisions"}],"predecessor-version":[{"id":679,"href":"https:\/\/auxmaraichers.com\/accueil\/wp-json\/wp\/v2\/pages\/665\/revisions\/679"}],"wp:attachment":[{"href":"https:\/\/auxmaraichers.com\/accueil\/wp-json\/wp\/v2\/media?parent=665"}],"curies":[{"name":"wp","href":"https:\/\/api.w.org\/{rel}","templated":true}]}}