{"id":126,"date":"2023-07-25T23:32:33","date_gmt":"2023-07-25T21:32:33","guid":{"rendered":"https:\/\/auxmaraichers.com\/?page_id=126"},"modified":"2023-08-11T17:47:55","modified_gmt":"2023-08-11T15:47:55","slug":"contact","status":"publish","type":"page","link":"https:\/\/auxmaraichers.com\/accueil\/contact\/","title":{"rendered":"Contact"},"content":{"rendered":"\t\t<div data-elementor-type=\"wp-page\" data-elementor-id=\"126\" class=\"elementor elementor-126\">\n\t\t\t\t\t\t<section class=\"elementor-section elementor-top-section elementor-element elementor-element-e803a55 elementor-section-height-min-height elementor-section-content-middle elementor-section-boxed elementor-section-height-default elementor-section-items-middle\" data-id=\"e803a55\" data-element_type=\"section\" data-settings=\"{&quot;background_background&quot;:&quot;classic&quot;}\">\n\t\t\t\t\t\t\t<div class=\"elementor-background-overlay\"><\/div>\n\t\t\t\t\t\t\t<div class=\"elementor-container elementor-column-gap-narrow\">\n\t\t\t\t\t<div class=\"elementor-column elementor-col-100 elementor-top-column elementor-element elementor-element-36937c63\" data-id=\"36937c63\" data-element_type=\"column\">\n\t\t\t<div class=\"elementor-widget-wrap elementor-element-populated\">\n\t\t\t\t\t\t<div class=\"elementor-element elementor-element-5522a0cc elementor-widget__width-initial elementor-widget-mobile__width-initial elementor-widget elementor-widget-heading\" data-id=\"5522a0cc\" data-element_type=\"widget\" data-widget_type=\"heading.default\">\n\t\t\t\t<div class=\"elementor-widget-container\">\n\t\t\t<style>\/*! elementor - v3.20.0 - 20-03-2024 *\/\n.elementor-heading-title{padding:0;margin:0;line-height:1}.elementor-widget-heading .elementor-heading-title[class*=elementor-size-]>a{color:inherit;font-size:inherit;line-height:inherit}.elementor-widget-heading .elementor-heading-title.elementor-size-small{font-size:15px}.elementor-widget-heading .elementor-heading-title.elementor-size-medium{font-size:19px}.elementor-widget-heading .elementor-heading-title.elementor-size-large{font-size:29px}.elementor-widget-heading .elementor-heading-title.elementor-size-xl{font-size:39px}.elementor-widget-heading .elementor-heading-title.elementor-size-xxl{font-size:59px}<\/style><h1 class=\"elementor-heading-title elementor-size-default\">Infos pratiques<\/h1>\t\t<\/div>\n\t\t\t\t<\/div>\n\t\t\t\t<div class=\"elementor-element elementor-element-1c578e95 elementor-widget__width-initial elementor-widget-mobile__width-initial elementor-widget elementor-widget-text-editor\" data-id=\"1c578e95\" data-element_type=\"widget\" data-widget_type=\"text-editor.default\">\n\t\t\t\t<div class=\"elementor-widget-container\">\n\t\t\t<style>\/*! elementor - v3.20.0 - 20-03-2024 *\/\n.elementor-widget-text-editor.elementor-drop-cap-view-stacked .elementor-drop-cap{background-color:#69727d;color:#fff}.elementor-widget-text-editor.elementor-drop-cap-view-framed .elementor-drop-cap{color:#69727d;border:3px solid;background-color:transparent}.elementor-widget-text-editor:not(.elementor-drop-cap-view-default) .elementor-drop-cap{margin-top:8px}.elementor-widget-text-editor:not(.elementor-drop-cap-view-default) .elementor-drop-cap-letter{width:1em;height:1em}.elementor-widget-text-editor .elementor-drop-cap{float:left;text-align:center;line-height:1;font-size:50px}.elementor-widget-text-editor .elementor-drop-cap-letter{display:inline-block}<\/style>\t\t\t\t<p>Toutes les informations pour nous trouver sur place et nous contacter en cas de demande sp\u00e9cifiques (livraison, besoins d&rsquo;informations)<br><\/p>\t\t\t\t\t\t<\/div>\n\t\t\t\t<\/div>\n\t\t\t\t<div class=\"elementor-element elementor-element-66c8f3bc elementor-widget elementor-widget-spacer\" data-id=\"66c8f3bc\" data-element_type=\"widget\" data-widget_type=\"spacer.default\">\n\t\t\t\t<div class=\"elementor-widget-container\">\n\t\t\t<style>\/*! elementor - v3.20.0 - 20-03-2024 *\/\n.elementor-column .elementor-spacer-inner{height:var(--spacer-size)}.e-con{--container-widget-width:100%}.e-con-inner>.elementor-widget-spacer,.e-con>.elementor-widget-spacer{width:var(--container-widget-width,var(--spacer-size));--align-self:var(--container-widget-align-self,initial);--flex-shrink:0}.e-con-inner>.elementor-widget-spacer>.elementor-widget-container,.e-con>.elementor-widget-spacer>.elementor-widget-container{height:100%;width:100%}.e-con-inner>.elementor-widget-spacer>.elementor-widget-container>.elementor-spacer,.e-con>.elementor-widget-spacer>.elementor-widget-container>.elementor-spacer{height:100%}.e-con-inner>.elementor-widget-spacer>.elementor-widget-container>.elementor-spacer>.elementor-spacer-inner,.e-con>.elementor-widget-spacer>.elementor-widget-container>.elementor-spacer>.elementor-spacer-inner{height:var(--container-widget-height,var(--spacer-size))}.e-con-inner>.elementor-widget-spacer.elementor-widget-empty,.e-con>.elementor-widget-spacer.elementor-widget-empty{position:relative;min-height:22px;min-width:22px}.e-con-inner>.elementor-widget-spacer.elementor-widget-empty .elementor-widget-empty-icon,.e-con>.elementor-widget-spacer.elementor-widget-empty .elementor-widget-empty-icon{position:absolute;top:0;bottom:0;left:0;right:0;margin:auto;padding:0;width:22px;height:22px}<\/style>\t\t<div class=\"elementor-spacer\">\n\t\t\t<div class=\"elementor-spacer-inner\"><\/div>\n\t\t<\/div>\n\t\t\t\t<\/div>\n\t\t\t\t<\/div>\n\t\t\t\t<div class=\"elementor-element elementor-element-2cd6a55b elementor-mobile-align-center elementor-align-left elementor-widget__width-initial elementor-widget-mobile__width-initial elementor-widget elementor-widget-button\" data-id=\"2cd6a55b\" data-element_type=\"widget\" data-widget_type=\"button.default\">\n\t\t\t\t<div class=\"elementor-widget-container\">\n\t\t\t\t\t<div class=\"elementor-button-wrapper\">\n\t\t\t<a class=\"elementor-button elementor-button-link elementor-size-sm\" href=\"#Question\">\n\t\t\t\t\t\t<span class=\"elementor-button-content-wrapper\">\n\t\t\t\t\t\t<span class=\"elementor-button-text\">Nous \u00e9crire<\/span>\n\t\t<\/span>\n\t\t\t\t\t<\/a>\n\t\t<\/div>\n\t\t\t\t<\/div>\n\t\t\t\t<\/div>\n\t\t\t\t\t<\/div>\n\t\t<\/div>\n\t\t\t\t\t<\/div>\n\t\t<\/section>\n\t\t\t\t<section class=\"elementor-section elementor-top-section elementor-element elementor-element-becfc89 elementor-section-height-min-height elementor-section-boxed elementor-section-height-default elementor-section-items-middle\" data-id=\"becfc89\" data-element_type=\"section\">\n\t\t\t\t\t\t<div class=\"elementor-container elementor-column-gap-default\">\n\t\t\t\t\t<div class=\"elementor-column elementor-col-50 elementor-top-column elementor-element elementor-element-f4522ce\" data-id=\"f4522ce\" data-element_type=\"column\">\n\t\t\t<div class=\"elementor-widget-wrap elementor-element-populated\">\n\t\t\t\t\t\t<div class=\"elementor-element elementor-element-78c9fc6 elementor-widget elementor-widget-heading\" data-id=\"78c9fc6\" data-element_type=\"widget\" data-widget_type=\"heading.default\">\n\t\t\t\t<div class=\"elementor-widget-container\">\n\t\t\t<h5 class=\"elementor-heading-title elementor-size-default\">Nous trouver<\/h5>\t\t<\/div>\n\t\t\t\t<\/div>\n\t\t\t\t<div class=\"elementor-element elementor-element-5f8ecba elementor-widget elementor-widget-text-editor\" data-id=\"5f8ecba\" data-element_type=\"widget\" data-widget_type=\"text-editor.default\">\n\t\t\t\t<div class=\"elementor-widget-container\">\n\t\t\t\t\t\t\t<p><b style=\"color: var( --e-global-color-kadence2 ); letter-spacing: 0px; word-spacing: 0em; background-color: transparent;\"><span style=\"letter-spacing: 0px; word-spacing: 0em; background-color: transparent;\">Rue des Maraichers<br><\/span><\/b><b style=\"color: var( --e-global-color-kadence2 ); letter-spacing: 0px; word-spacing: 0em; background-color: transparent;\"><span style=\"letter-spacing: 0px; word-spacing: 0em; background-color: transparent;\">27790 Rosay-sur-Lieure<\/span><\/b><\/p>\n<p style=\"margin-bottom: var(--global-md-spacing);\"><span style=\"color: var( --e-global-color-kadence2 ); letter-spacing: 0px; word-spacing: 0em; background-color: transparent;\">Coordonn\u00e9es GPS :&nbsp;49.3660500, 1.4321182<br><\/span><span style=\"color: var( --e-global-color-kadence2 ); letter-spacing: 0px; word-spacing: 0em; background-color: transparent;\"><br>Vous pouvez nous trouver le long du petit ruisseau La Lieure, vous remarquerez la pancarte en bois clair \u00ab\u00a0Aux Mara\u00eechers\u00a0\u00bb<\/span><\/p>\t\t\t\t\t\t<\/div>\n\t\t\t\t<\/div>\n\t\t\t\t\t<\/div>\n\t\t<\/div>\n\t\t\t\t<div class=\"elementor-column elementor-col-50 elementor-top-column elementor-element elementor-element-d51115f\" data-id=\"d51115f\" data-element_type=\"column\">\n\t\t\t<div class=\"elementor-widget-wrap elementor-element-populated\">\n\t\t\t\t\t\t<section class=\"elementor-section elementor-inner-section elementor-element elementor-element-ea37502 elementor-section-boxed elementor-section-height-default elementor-section-height-default\" data-id=\"ea37502\" data-element_type=\"section\">\n\t\t\t\t\t\t<div class=\"elementor-container elementor-column-gap-default\">\n\t\t\t\t\t<div class=\"elementor-column elementor-col-50 elementor-inner-column elementor-element elementor-element-e0fc746\" data-id=\"e0fc746\" data-element_type=\"column\">\n\t\t\t<div class=\"elementor-widget-wrap elementor-element-populated\">\n\t\t\t\t\t\t<div class=\"elementor-element elementor-element-365b28a elementor-widget__width-initial elementor-widget elementor-widget-image\" data-id=\"365b28a\" data-element_type=\"widget\" data-widget_type=\"image.default\">\n\t\t\t\t<div class=\"elementor-widget-container\">\n\t\t\t<style>\/*! elementor - v3.20.0 - 20-03-2024 *\/\n.elementor-widget-image{text-align:center}.elementor-widget-image a{display:inline-block}.elementor-widget-image a img[src$=\".svg\"]{width:48px}.elementor-widget-image img{vertical-align:middle;display:inline-block}<\/style>\t\t\t\t\t\t\t\t\t\t<img fetchpriority=\"high\" decoding=\"async\" width=\"973\" height=\"1024\" src=\"https:\/\/auxmaraichers.com\/wp-content\/uploads\/2023\/07\/2023-07_Aux-Maraichers-Shooting_IMG_5412_Panneau-scaled-e1691420301148-973x1024.jpg\" class=\"attachment-large size-large wp-image-225\" alt=\"\" srcset=\"https:\/\/auxmaraichers.com\/wp-content\/uploads\/2023\/07\/2023-07_Aux-Maraichers-Shooting_IMG_5412_Panneau-scaled-e1691420301148-973x1024.jpg 973w, https:\/\/auxmaraichers.com\/wp-content\/uploads\/2023\/07\/2023-07_Aux-Maraichers-Shooting_IMG_5412_Panneau-scaled-e1691420301148-285x300.jpg 285w, https:\/\/auxmaraichers.com\/wp-content\/uploads\/2023\/07\/2023-07_Aux-Maraichers-Shooting_IMG_5412_Panneau-scaled-e1691420301148-768x808.jpg 768w, https:\/\/auxmaraichers.com\/wp-content\/uploads\/2023\/07\/2023-07_Aux-Maraichers-Shooting_IMG_5412_Panneau-scaled-e1691420301148-1460x1536.jpg 1460w, https:\/\/auxmaraichers.com\/wp-content\/uploads\/2023\/07\/2023-07_Aux-Maraichers-Shooting_IMG_5412_Panneau-scaled-e1691420301148.jpg 1484w\" sizes=\"(max-width: 973px) 100vw, 973px\" \/>\t\t\t\t\t\t\t\t\t\t\t\t\t<\/div>\n\t\t\t\t<\/div>\n\t\t\t\t\t<\/div>\n\t\t<\/div>\n\t\t\t\t<div class=\"elementor-column elementor-col-50 elementor-inner-column elementor-element elementor-element-77e11b5\" data-id=\"77e11b5\" data-element_type=\"column\">\n\t\t\t<div class=\"elementor-widget-wrap elementor-element-populated\">\n\t\t\t\t\t\t<div class=\"elementor-element elementor-element-c70cd84 elementor-widget elementor-widget-image\" data-id=\"c70cd84\" data-element_type=\"widget\" data-widget_type=\"image.default\">\n\t\t\t\t<div class=\"elementor-widget-container\">\n\t\t\t\t\t\t\t\t\t\t\t\t\t<img decoding=\"async\" width=\"683\" height=\"1024\" src=\"https:\/\/auxmaraichers.com\/wp-content\/uploads\/2023\/07\/2023-07_Aux-Maraichers-Shooting_IMG_5411_Panneau-683x1024.jpg\" class=\"attachment-large size-large wp-image-224\" alt=\"\" srcset=\"https:\/\/auxmaraichers.com\/wp-content\/uploads\/2023\/07\/2023-07_Aux-Maraichers-Shooting_IMG_5411_Panneau-683x1024.jpg 683w, https:\/\/auxmaraichers.com\/wp-content\/uploads\/2023\/07\/2023-07_Aux-Maraichers-Shooting_IMG_5411_Panneau-200x300.jpg 200w, https:\/\/auxmaraichers.com\/wp-content\/uploads\/2023\/07\/2023-07_Aux-Maraichers-Shooting_IMG_5411_Panneau-768x1152.jpg 768w, https:\/\/auxmaraichers.com\/wp-content\/uploads\/2023\/07\/2023-07_Aux-Maraichers-Shooting_IMG_5411_Panneau-1024x1536.jpg 1024w, https:\/\/auxmaraichers.com\/wp-content\/uploads\/2023\/07\/2023-07_Aux-Maraichers-Shooting_IMG_5411_Panneau-1365x2048.jpg 1365w, https:\/\/auxmaraichers.com\/wp-content\/uploads\/2023\/07\/2023-07_Aux-Maraichers-Shooting_IMG_5411_Panneau-scaled.jpg 1707w\" sizes=\"(max-width: 683px) 100vw, 683px\" \/>\t\t\t\t\t\t\t\t\t\t\t\t\t<\/div>\n\t\t\t\t<\/div>\n\t\t\t\t\t<\/div>\n\t\t<\/div>\n\t\t\t\t\t<\/div>\n\t\t<\/section>\n\t\t\t\t\t<\/div>\n\t\t<\/div>\n\t\t\t\t\t<\/div>\n\t\t<\/section>\n\t\t\t\t<section class=\"elementor-section elementor-top-section elementor-element elementor-element-aed2607 elementor-section-boxed elementor-section-height-default elementor-section-height-default\" data-id=\"aed2607\" data-element_type=\"section\">\n\t\t\t\t\t\t<div class=\"elementor-container elementor-column-gap-default\">\n\t\t\t\t\t<div class=\"elementor-column elementor-col-100 elementor-top-column elementor-element elementor-element-4c54259\" data-id=\"4c54259\" data-element_type=\"column\">\n\t\t\t<div class=\"elementor-widget-wrap elementor-element-populated\">\n\t\t\t\t\t\t<div class=\"elementor-element elementor-element-24cd850 elementor-widget elementor-widget-google_maps\" data-id=\"24cd850\" data-element_type=\"widget\" data-widget_type=\"google_maps.default\">\n\t\t\t\t<div class=\"elementor-widget-container\">\n\t\t\t<style>\/*! elementor - v3.20.0 - 20-03-2024 *\/\n.elementor-widget-google_maps .elementor-widget-container{overflow:hidden}.elementor-widget-google_maps .elementor-custom-embed{line-height:0}.elementor-widget-google_maps iframe{height:300px}<\/style>\t\t<div class=\"elementor-custom-embed\">\n\t\t\t<iframe loading=\"lazy\"\n\t\t\t\t\tsrc=\"https:\/\/maps.google.com\/maps?q=Rue%20des%20mara%C3%AEchers%2C%20rosay-sur-lieure&#038;t=m&#038;z=15&#038;output=embed&#038;iwloc=near\"\n\t\t\t\t\ttitle=\"Rue des mara\u00eechers, rosay-sur-lieure\"\n\t\t\t\t\taria-label=\"Rue des mara\u00eechers, rosay-sur-lieure\"\n\t\t\t><\/iframe>\n\t\t<\/div>\n\t\t\t\t<\/div>\n\t\t\t\t<\/div>\n\t\t\t\t\t<\/div>\n\t\t<\/div>\n\t\t\t\t\t<\/div>\n\t\t<\/section>\n\t\t\t\t<section class=\"elementor-section elementor-top-section elementor-element elementor-element-2231472 elementor-section-boxed elementor-section-height-default elementor-section-height-default\" data-id=\"2231472\" data-element_type=\"section\">\n\t\t\t\t\t\t<div class=\"elementor-container elementor-column-gap-default\">\n\t\t\t\t\t<div class=\"elementor-column elementor-col-100 elementor-top-column elementor-element elementor-element-80ded1d\" data-id=\"80ded1d\" data-element_type=\"column\">\n\t\t\t<div class=\"elementor-widget-wrap elementor-element-populated\">\n\t\t\t\t\t\t<div class=\"elementor-element elementor-element-a67342a elementor-widget elementor-widget-menu-anchor\" data-id=\"a67342a\" data-element_type=\"widget\" data-widget_type=\"menu-anchor.default\">\n\t\t\t\t<div class=\"elementor-widget-container\">\n\t\t\t<style>\/*! elementor - v3.20.0 - 20-03-2024 *\/\nbody.elementor-page .elementor-widget-menu-anchor{margin-bottom:0}<\/style>\t\t<div id=\"Question\" class=\"elementor-menu-anchor\"><\/div>\n\t\t\t\t<\/div>\n\t\t\t\t<\/div>\n\t\t\t\t\t<\/div>\n\t\t<\/div>\n\t\t\t\t\t<\/div>\n\t\t<\/section>\n\t\t\t\t<section class=\"elementor-section elementor-top-section elementor-element elementor-element-e4e2def elementor-section-boxed elementor-section-height-default elementor-section-height-default\" data-id=\"e4e2def\" data-element_type=\"section\">\n\t\t\t\t\t\t<div class=\"elementor-container elementor-column-gap-default\">\n\t\t\t\t\t<div class=\"elementor-column elementor-col-50 elementor-top-column elementor-element elementor-element-4ebc9b1\" data-id=\"4ebc9b1\" data-element_type=\"column\">\n\t\t\t<div class=\"elementor-widget-wrap elementor-element-populated\">\n\t\t\t\t\t\t<div class=\"elementor-element elementor-element-5b7e773 elementor-widget elementor-widget-image\" data-id=\"5b7e773\" data-element_type=\"widget\" data-widget_type=\"image.default\">\n\t\t\t\t<div class=\"elementor-widget-container\">\n\t\t\t\t\t\t\t\t\t\t\t\t\t<img decoding=\"async\" width=\"683\" height=\"1024\" src=\"https:\/\/auxmaraichers.com\/wp-content\/uploads\/2023\/07\/2023-07_Aux-Maraichers-Shooting_IMG_5252_Tuteurs-cabane-683x1024.jpg\" class=\"attachment-large size-large wp-image-197\" alt=\"\" srcset=\"https:\/\/auxmaraichers.com\/wp-content\/uploads\/2023\/07\/2023-07_Aux-Maraichers-Shooting_IMG_5252_Tuteurs-cabane-683x1024.jpg 683w, https:\/\/auxmaraichers.com\/wp-content\/uploads\/2023\/07\/2023-07_Aux-Maraichers-Shooting_IMG_5252_Tuteurs-cabane-200x300.jpg 200w, https:\/\/auxmaraichers.com\/wp-content\/uploads\/2023\/07\/2023-07_Aux-Maraichers-Shooting_IMG_5252_Tuteurs-cabane-768x1152.jpg 768w, https:\/\/auxmaraichers.com\/wp-content\/uploads\/2023\/07\/2023-07_Aux-Maraichers-Shooting_IMG_5252_Tuteurs-cabane-1024x1536.jpg 1024w, https:\/\/auxmaraichers.com\/wp-content\/uploads\/2023\/07\/2023-07_Aux-Maraichers-Shooting_IMG_5252_Tuteurs-cabane-1365x2048.jpg 1365w, https:\/\/auxmaraichers.com\/wp-content\/uploads\/2023\/07\/2023-07_Aux-Maraichers-Shooting_IMG_5252_Tuteurs-cabane-scaled.jpg 1707w\" sizes=\"(max-width: 683px) 100vw, 683px\" \/>\t\t\t\t\t\t\t\t\t\t\t\t\t<\/div>\n\t\t\t\t<\/div>\n\t\t\t\t\t<\/div>\n\t\t<\/div>\n\t\t\t\t<div class=\"elementor-column elementor-col-50 elementor-top-column elementor-element elementor-element-5a2e0bf\" data-id=\"5a2e0bf\" data-element_type=\"column\">\n\t\t\t<div class=\"elementor-widget-wrap elementor-element-populated\">\n\t\t\t\t\t\t<div class=\"elementor-element elementor-element-76f1ecd elementor-widget__width-initial elementor-widget elementor-widget-heading\" data-id=\"76f1ecd\" data-element_type=\"widget\" data-widget_type=\"heading.default\">\n\t\t\t\t<div class=\"elementor-widget-container\">\n\t\t\t<h2 class=\"elementor-heading-title elementor-size-default\">Vous avez une question ?<\/h2>\t\t<\/div>\n\t\t\t\t<\/div>\n\t\t\t\t<div class=\"elementor-element elementor-element-9db038a elementor-widget elementor-widget-text-editor\" data-id=\"9db038a\" data-element_type=\"widget\" data-widget_type=\"text-editor.default\">\n\t\t\t\t<div class=\"elementor-widget-container\">\n\t\t\t\t\t\t\t<p>N&rsquo;h\u00e9sitez pas \u00e0 nous contacter si vous avez une question, besoin d&rsquo;aide ou tout simplement pour discuter entre passionn\u00e9s ! Mais ne soyez pas surpris si nous ne vous r\u00e9pondons pas dans la minute, nous passons beaucoup de temps sur l&rsquo;exploitation, j&rsquo;ai souvent les mains dans la terre.<\/p>\t\t\t\t\t\t<\/div>\n\t\t\t\t<\/div>\n\t\t\t\t<div class=\"elementor-element elementor-element-703d65d elementor-widget elementor-widget-qi_addons_for_elementor_wp_forms\" data-id=\"703d65d\" data-element_type=\"widget\" data-widget_type=\"qi_addons_for_elementor_wp_forms.default\">\n\t\t\t\t<div class=\"elementor-widget-container\">\n\t\t\t<div class=\"qodef-shortcode qodef-m  qodef-qi-wp-forms qodef-button--full-width\">\n\t<div class=\"wpforms-container wpforms-container-full wpforms-render-modern\" id=\"wpforms-544\"><form id=\"wpforms-form-544\" class=\"wpforms-validate wpforms-form wpforms-ajax-form\" data-formid=\"544\" method=\"post\" enctype=\"multipart\/form-data\" action=\"\/accueil\/wp-json\/wp\/v2\/pages\/126\" data-token=\"4571446d2eaaeba0a499f10181bd9ac7\"><noscript class=\"wpforms-error-noscript\">Veuillez activer JavaScript dans votre navigateur pour remplir ce formulaire.<\/noscript><div class=\"wpforms-hidden\" id=\"wpforms-error-noscript\">Veuillez activer JavaScript dans votre navigateur pour remplir ce formulaire.<\/div><div class=\"wpforms-field-container\"><div id=\"wpforms-544-field_0-container\" class=\"wpforms-field wpforms-field-name wpforms-one-half wpforms-first\" data-field-id=\"0\"><label class=\"wpforms-field-label\" for=\"wpforms-544-field_0\">Votre nom <span class=\"wpforms-required-label\" aria-hidden=\"true\">*<\/span><\/label><input type=\"text\" id=\"wpforms-544-field_0\" class=\"wpforms-field-large wpforms-field-required\" name=\"wpforms[fields][0]\" placeholder=\"Pr\u00e9nom Nom\" aria-errormessage=\"wpforms-544-field_0-error\" required><\/div><div id=\"wpforms-544-field_1-container\" class=\"wpforms-field wpforms-field-email wpforms-one-half\" data-field-id=\"1\"><label class=\"wpforms-field-label\" for=\"wpforms-544-field_1\">Votre adresse e-mail <span class=\"wpforms-required-label\" aria-hidden=\"true\">*<\/span><\/label><input type=\"email\" id=\"wpforms-544-field_1\" class=\"wpforms-field-large wpforms-field-required\" name=\"wpforms[fields][1]\" placeholder=\"Adresse e-mail\" spellcheck=\"false\" aria-errormessage=\"wpforms-544-field_1-error\" required><\/div><div id=\"wpforms-544-field_5-container\" class=\"wpforms-field wpforms-field-number wpforms-one-half wpforms-first\" data-field-id=\"5\"><label class=\"wpforms-field-label\" for=\"wpforms-544-field_5\">(Optionnel)<\/label><input type=\"number\" pattern=\"\\d*\" id=\"wpforms-544-field_5\" class=\"wpforms-field-large\" name=\"wpforms[fields][5]\" placeholder=\"Num\u00e9ro de t\u00e9l\u00e9phone\" aria-errormessage=\"wpforms-544-field_5-error\" ><\/div><div id=\"wpforms-544-field_6-container\" class=\"wpforms-field wpforms-field-text wpforms-one-half\" data-field-id=\"6\"><label class=\"wpforms-field-label\" for=\"wpforms-544-field_6\">Sujet <span class=\"wpforms-required-label\" aria-hidden=\"true\">*<\/span><\/label><input type=\"text\" id=\"wpforms-544-field_6\" class=\"wpforms-field-large wpforms-field-required\" name=\"wpforms[fields][6]\" placeholder=\"Titre du message\" aria-errormessage=\"wpforms-544-field_6-error\" required><\/div><div id=\"wpforms-544-field_2-container\" class=\"wpforms-field wpforms-field-textarea\" data-field-id=\"2\"><label class=\"wpforms-field-label\" for=\"wpforms-544-field_2\">Votre message<\/label><textarea id=\"wpforms-544-field_2\" class=\"wpforms-field-large\" name=\"wpforms[fields][2]\" placeholder=\"D\u00eetes-en nous plus sur votre demande\" aria-errormessage=\"wpforms-544-field_2-error\" ><\/textarea><\/div><div id=\"wpforms-544-field_7-container\" class=\"wpforms-field wpforms-field-checkbox\" data-field-id=\"7\"><fieldset><legend class=\"wpforms-field-label wpforms-label-hide\" aria-hidden=\"false\">Cases \u00e0 cocher <span class=\"wpforms-required-label\" aria-hidden=\"true\">*<\/span><\/legend><ul id=\"wpforms-544-field_7\" class=\"wpforms-field-required\"><li class=\"choice-1 depth-1\"><input type=\"checkbox\" id=\"wpforms-544-field_7_1\" name=\"wpforms[fields][7][]\" value=\"J&#039;accepte les termes &amp; conditions du site\" aria-errormessage=\"wpforms-544-field_7_1-error\" required ><label class=\"wpforms-field-label-inline\" for=\"wpforms-544-field_7_1\">J'accepte les termes &amp; conditions du site<\/label><\/li><\/ul><\/fieldset><\/div><\/div><!-- .wpforms-field-container --><div class=\"wpforms-submit-container\" ><input type=\"hidden\" name=\"wpforms[id]\" value=\"544\"><input type=\"hidden\" name=\"wpforms[author]\" value=\"1\"><button type=\"submit\" name=\"wpforms[submit]\" id=\"wpforms-submit-544\" class=\"wpforms-submit\" data-alt-text=\"Envoi...\" data-submit-text=\"Envoyer le message\" aria-live=\"assertive\" value=\"wpforms-submit\">Envoyer le message<\/button><img loading=\"lazy\" decoding=\"async\" src=\"https:\/\/auxmaraichers.com\/wp-content\/plugins\/wpforms-lite\/assets\/images\/submit-spin.svg\" class=\"wpforms-submit-spinner\" style=\"display: none;\" width=\"26\" height=\"26\" alt=\"Chargement en cours\"><\/div><\/form><\/div>  <!-- .wpforms-container --><\/div>\n\t\t<\/div>\n\t\t\t\t<\/div>\n\t\t\t\t\t<\/div>\n\t\t<\/div>\n\t\t\t\t\t<\/div>\n\t\t<\/section>\n\t\t\t\t<section class=\"elementor-section elementor-top-section elementor-element elementor-element-655057f elementor-section-boxed elementor-section-height-default elementor-section-height-default\" data-id=\"655057f\" data-element_type=\"section\">\n\t\t\t\t\t\t<div class=\"elementor-container elementor-column-gap-default\">\n\t\t\t\t\t<div class=\"elementor-column elementor-col-100 elementor-top-column elementor-element elementor-element-17a4e90\" data-id=\"17a4e90\" data-element_type=\"column\">\n\t\t\t<div class=\"elementor-widget-wrap\">\n\t\t\t\t\t\t\t<\/div>\n\t\t<\/div>\n\t\t\t\t\t<\/div>\n\t\t<\/section>\n\t\t\t\t<\/div>\n\t\t","protected":false},"excerpt":{"rendered":"<p>Infos pratiques Toutes les informations pour nous trouver sur place et nous contacter en cas de demande sp\u00e9cifiques (livraison, besoins d&rsquo;informations) Nous \u00e9crire Nous trouver Rue des Maraichers27790 Rosay-sur-Lieure Coordonn\u00e9es GPS :&nbsp;49.3660500, 1.4321182 Vous pouvez nous trouver le long du petit ruisseau La Lieure, vous remarquerez la pancarte en bois clair \u00ab\u00a0Aux Mara\u00eechers\u00a0\u00bb Vous avez&#8230;<\/p>\n","protected":false},"author":1,"featured_media":0,"parent":0,"menu_order":0,"comment_status":"closed","ping_status":"closed","template":"","meta":{"_kad_post_transparent":"","_kad_post_title":"hide","_kad_post_layout":"fullwidth","_kad_post_sidebar_id":"","_kad_post_content_style":"unboxed","_kad_post_vertical_padding":"hide","_kad_post_feature":"hide","_kad_post_feature_position":"","_kad_post_header":false,"_kad_post_footer":false,"footnotes":""},"_links":{"self":[{"href":"https:\/\/auxmaraichers.com\/accueil\/wp-json\/wp\/v2\/pages\/126"}],"collection":[{"href":"https:\/\/auxmaraichers.com\/accueil\/wp-json\/wp\/v2\/pages"}],"about":[{"href":"https:\/\/auxmaraichers.com\/accueil\/wp-json\/wp\/v2\/types\/page"}],"author":[{"embeddable":true,"href":"https:\/\/auxmaraichers.com\/accueil\/wp-json\/wp\/v2\/users\/1"}],"replies":[{"embeddable":true,"href":"https:\/\/auxmaraichers.com\/accueil\/wp-json\/wp\/v2\/comments?post=126"}],"version-history":[{"count":60,"href":"https:\/\/auxmaraichers.com\/accueil\/wp-json\/wp\/v2\/pages\/126\/revisions"}],"predecessor-version":[{"id":810,"href":"https:\/\/auxmaraichers.com\/accueil\/wp-json\/wp\/v2\/pages\/126\/revisions\/810"}],"wp:attachment":[{"href":"https:\/\/auxmaraichers.com\/accueil\/wp-json\/wp\/v2\/media?parent=126"}],"curies":[{"name":"wp","href":"https:\/\/api.w.org\/{rel}","templated":true}]}}